{"id":164,"date":"2024-08-15T11:56:43","date_gmt":"2024-08-15T09:56:43","guid":{"rendered":"http:\/\/hubinska.sk\/?page_id=164"},"modified":"2025-01-29T13:19:53","modified_gmt":"2025-01-29T12:19:53","slug":"hudba","status":"publish","type":"page","link":"http:\/\/hubinska.sk\/en\/hudba\/","title":{"rendered":"Music"},"content":{"rendered":"<p><\/p>\n\n\n\n<figure class=\"wp-block-embed is-type-video is-provider-youtube wp-block-embed-youtube wp-embed-aspect-16-9 wp-has-aspect-ratio\"><div class=\"wp-block-embed__wrapper\">\n<iframe loading=\"lazy\" title=\"Mil Pasos - Jana Hubinsk\u00e1 feat. Peter Luha (Official Music Video)\" width=\"500\" height=\"281\" src=\"https:\/\/www.youtube.com\/embed\/i1IhsYI720g?feature=oembed\" frameborder=\"0\" allow=\"accelerometer; autoplay; clipboard-write; encrypted-media; gyroscope; picture-in-picture; web-share\" referrerpolicy=\"strict-origin-when-cross-origin\" allowfullscreen><\/iframe>\n<\/div><\/figure>\n\n\n\n<div class=\"wp-block-columns is-layout-flex wp-container-core-columns-is-layout-28f84493 wp-block-columns-is-layout-flex\">\n<div class=\"wp-block-column is-layout-flow wp-block-column-is-layout-flow\">\n<figure class=\"wp-block-embed is-type-video is-provider-youtube wp-block-embed-youtube wp-embed-aspect-16-9 wp-has-aspect-ratio\"><div class=\"wp-block-embed__wrapper\">\n<iframe loading=\"lazy\" title=\"Jana Hubinsk\u00e1, Tibor Farka\u0161 - LEN TAK\" width=\"500\" height=\"281\" src=\"https:\/\/www.youtube.com\/embed\/fxjH1Tliefw?feature=oembed\" frameborder=\"0\" allow=\"accelerometer; autoplay; clipboard-write; encrypted-media; gyroscope; picture-in-picture; web-share\" referrerpolicy=\"strict-origin-when-cross-origin\" allowfullscreen><\/iframe>\n<\/div><\/figure>\n<\/div>\n\n\n\n<div class=\"wp-block-column is-layout-flow wp-block-column-is-layout-flow\">\n<figure class=\"wp-block-embed is-type-video is-provider-youtube wp-block-embed-youtube wp-embed-aspect-16-9 wp-has-aspect-ratio\"><div class=\"wp-block-embed__wrapper\">\n<iframe loading=\"lazy\" title=\"Jana Hubinsk\u00e1 - \u017dena, priate\u013e \u010dloveka\" width=\"500\" height=\"281\" src=\"https:\/\/www.youtube.com\/embed\/67ThV0BxOR0?feature=oembed\" frameborder=\"0\" allow=\"accelerometer; autoplay; clipboard-write; encrypted-media; gyroscope; picture-in-picture; web-share\" referrerpolicy=\"strict-origin-when-cross-origin\" allowfullscreen><\/iframe>\n<\/div><\/figure>\n<\/div>\n<\/div>\n\n\n\n<p><\/p>\n\n\n\n<figure class=\"wp-block-audio\"><audio controls src=\"https:\/\/hubinska.sk\/wp-content\/uploads\/2025\/01\/3aedaa24-894e-4930-a2cc-e3e20c331644.wav\"><\/audio><\/figure>\n\n\n\n<p><\/p>\n\n\n\n<figure class=\"wp-block-audio\"><audio controls src=\"https:\/\/hubinska.sk\/wp-content\/uploads\/2025\/01\/57bd660e-434f-421b-b50c-aff357befb75.wav\"><\/audio><\/figure>\n\n\n\n<p>P\u00e1slo diev\u010da p\u00e1vy &#8211; Demo<\/p>\n\n\n\n<figure class=\"wp-block-audio\"><audio controls src=\"https:\/\/hubinska.sk\/wp-content\/uploads\/2025\/01\/PASLO_DIEVCA_JANKA_DEMO.mp3\"><\/audio><\/figure>\n\n\n\n<p>Whatta Wonderfull<\/p>\n\n\n\n<figure class=\"wp-block-audio\"><audio controls src=\"https:\/\/hubinska.sk\/wp-content\/uploads\/2025\/01\/Whatta-Wonderful.mp3\"><\/audio><\/figure>\n\n\n\n<p>Wonderfull World<\/p>\n\n\n\n<figure class=\"wp-block-audio\"><audio controls src=\"https:\/\/hubinska.sk\/wp-content\/uploads\/2025\/01\/Wonderful-World-2.mp3\"><\/audio><\/figure>\n\n\n\n<p><\/p>\n\n\n\n<p><\/p>\n\n\n\n<figure class=\"wp-block-audio\"><audio controls src=\"https:\/\/hubinska.sk\/wp-content\/uploads\/2025\/01\/08-Skladba-9.mp3\"><\/audio><\/figure>\n\n\n\n<p><\/p>\n\n\n\n<figure class=\"wp-block-audio\"><audio controls src=\"https:\/\/hubinska.sk\/wp-content\/uploads\/2025\/01\/16-Skladba-16.mp3\"><\/audio><\/figure>\n\n\n\n<p style=\"font-size:clamp(14px, 0.875rem + ((1vw - 3.2px) * 0.104), 15px);\"><strong>2022&nbsp;&nbsp; <\/strong><br><strong><mark style=\"background-color:rgba(0, 0, 0, 0);color:#3b558f\" class=\"has-inline-color\">Koncert v&nbsp;Matici slovenskej&nbsp; Matrin s&nbsp;Karin Sarkasjan<\/mark><\/strong><br><strong><mark style=\"background-color:rgba(0, 0, 0, 0);color:#3b558f\" class=\"has-inline-color\">Bakal\u00e1rsky absolventsk\u00fd koncert \u0161tudentov muzik\u00e1lov\u00e9ho spevu AU BB<\/mark><\/strong><\/p>\n\n\n\n<p><strong>2021&nbsp;&nbsp;&nbsp;&nbsp;<\/strong><br><strong><mark style=\"background-color:rgba(0, 0, 0, 0);color:#3b558f\" class=\"has-inline-color\">Tatransk\u00e1 Lomnica, koncert pri pr\u00edle\u017eitosti ude\u013eovania cien Horsk\u00fdch osobnost\u00ed &nbsp;&nbsp;&nbsp;<\/mark><\/strong><br><strong><mark style=\"background-color:rgba(0, 0, 0, 0);color:#3b558f\" class=\"has-inline-color\">Bakal\u00e1rsky absolventsk\u00fd koncert \u0161tudentov muzik\u00e1lov\u00e9ho spevu AU BB<\/mark><\/strong><\/p>\n\n\n\n<p><strong>2020&nbsp;&nbsp; &nbsp;<\/strong><br><strong><mark style=\"background-color:rgba(0, 0, 0, 0);color:#3b558f\" class=\"has-inline-color\">Live stream koncest \u201eAj toto som ja\u201c&nbsp;<\/mark><\/strong><br>Kapela: Jan Berky Mrenica ml.<strong>&nbsp;&nbsp;&nbsp;&nbsp;&nbsp;&nbsp;&nbsp;&nbsp; <\/strong>&nbsp;<\/p>\n\n\n\n<p><strong>2019&nbsp;&nbsp;&nbsp;<\/strong><br><strong><mark style=\"background-color:rgba(0, 0, 0, 0);color:#3b558f\" class=\"has-inline-color\">Hana Hegerov\u00e1 88,&nbsp; F\u00f3rum Karl\u00edn Praha<\/mark><\/strong><br><strong><mark style=\"background-color:rgba(0, 0, 0, 0);color:#3b558f\" class=\"has-inline-color\">Blue note <\/mark><\/strong><br>\u00da\u010dinkuj\u00fa: Jana Hubinska a Jan Berky Mrenica ml.<br><strong><mark style=\"background-color:rgba(0, 0, 0, 0);color:#3b558f\" class=\"has-inline-color\">Duety \u201eLen Tak\u201c <\/mark><\/strong><br>\u00da\u010dinkuj\u00fa: Jana&nbsp; Hubinska a T. Farka\u0161<\/p>\n\n\n\n<p><strong>2018&nbsp;&nbsp;&nbsp;<\/strong><br><strong><mark style=\"background-color:rgba(0, 0, 0, 0);color:#3b558f\" class=\"has-inline-color\">Viano\u010dn\u00fd koncert v&nbsp;kostole sv. Ondreja, Doln\u00e1 Krupa<\/mark><\/strong><br><strong><mark style=\"background-color:rgba(0, 0, 0, 0);color:#3b558f\" class=\"has-inline-color\">Hudobn\u00fd autorsk\u00fd program <\/mark><\/strong><br>\u00da\u010dinkuj\u00fa: J. Hubinska a T. Farka\u0161&nbsp;<\/p>\n\n\n\n<p><strong>2017&nbsp; &nbsp;<\/strong><br><strong><mark style=\"background-color:rgba(0, 0, 0, 0);color:#3b558f\" class=\"has-inline-color\">Singel Mil pasos<\/mark><\/strong><br><strong><mark style=\"background-color:rgba(0, 0, 0, 0);color:#3b558f\" class=\"has-inline-color\">Burning Garden, medzin\u00e1rodn\u00fd festival \u0161anson<\/mark><\/strong><br><strong><mark style=\"background-color:rgba(0, 0, 0, 0);color:#3b558f\" class=\"has-inline-color\">Koncert na v\u00fdro\u010dn\u00fd ve\u010dierok NBS<\/mark><\/strong><\/p>\n\n\n\n<p><strong>2016 &nbsp;&nbsp;<\/strong><br><strong><mark style=\"background-color:rgba(0, 0, 0, 0);color:#3b558f\" class=\"has-inline-color\">Celoslovensk\u00e9 koncertne turn\u00e9 \u201eJana Hubinska Tour 2016\u201c<\/mark><\/strong><br><strong><mark style=\"background-color:rgba(0, 0, 0, 0);color:#3b558f\" class=\"has-inline-color\">Trutnoff Open Air Festival 2016<\/mark><\/strong><br><strong><mark style=\"background-color:rgba(0, 0, 0, 0);color:#3b558f\" class=\"has-inline-color\">Medzin\u00e1rodn\u00fd benefi\u010dn\u00fd koncert v Jind\u0159i\u0161sk\u00e1 v\u011b\u017e&nbsp; Praha<\/mark><\/strong><\/p>\n\n\n\n<p><strong>2015&nbsp;&nbsp;&nbsp;<\/strong><br><strong><mark style=\"background-color:rgba(0, 0, 0, 0);color:#3b558f\" class=\"has-inline-color\">Art music orchestra, nieko\u013ekoro\u010dn\u00e1 spolupraca a&nbsp;v&nbsp;r. 2015 ako jedin\u00fd orchester&nbsp;&nbsp;&nbsp;<\/mark><\/strong><br><strong><mark style=\"background-color:rgba(0, 0, 0, 0);color:#3b558f\" class=\"has-inline-color\">interpretuje aj skladby legend\u00e1rnej spev\u00e1\u010dky Evy Kostolanyiovej v spolupr\u00e1ci so spev\u00e1ckym zborom L\u00fa\u010dnica v programe HOMMAGE \u00e1 EVA KOSTOL\u00c1NYIOV\u00c1 ako spomienku na 40. V\u00fdr. od jej smrti.<\/mark><\/strong><br><strong><mark style=\"background-color:rgba(0, 0, 0, 0);color:#3b558f\" class=\"has-inline-color\">Viano\u010dn\u00fd koncert v kostole Klarisky BA<\/mark><\/strong><br><strong><mark style=\"background-color:rgba(0, 0, 0, 0);color:#3b558f\" class=\"has-inline-color\">Koncert spev: Jana Hubinska, Klav\u00edr: Pavol Bodnar, Kontrabas Juraj Kalasz<\/mark><\/strong><br><strong><mark style=\"background-color:rgba(0, 0, 0, 0);color:#3b558f\" class=\"has-inline-color\">koncertz s Art Music Orchestra, Slovensky rozhlas &#8211; koncertn\u00e1 s\u00e1la<\/mark><\/strong><br><strong><mark style=\"background-color:rgba(0, 0, 0, 0);color:#3b558f\" class=\"has-inline-color\">DK Pie\u0161\u0165any, divadlo J\u00e1na Pal\u00e1rika Trnava<\/mark><\/strong><\/p>\n\n\n\n<p><strong>2014&nbsp;&nbsp;<\/strong><br><strong><mark style=\"background-color:rgba(0, 0, 0, 0);color:#3b558f\" class=\"has-inline-color\">hudobn\u00fd hos\u0165 v koncertnej hudobnej show J\u00e1na Berkyho Mrenicu, Babylon, &nbsp;Bratislava<\/mark><\/strong><br><strong><mark style=\"background-color:rgba(0, 0, 0, 0);color:#3b558f\" class=\"has-inline-color\">Koncert spev: J. Hubinska, klav\u00edr: G. Jon\u00e1\u0161, kontrabas: J. Kalasz, DK Karlova Ves, Kamel club<\/mark><\/strong><br><strong><mark style=\"background-color:rgba(0, 0, 0, 0);color:#3b558f\" class=\"has-inline-color\">hudobn\u00fd program Ude\u013eovanie Filmov\u00fdch cien IGRIC 2014 divadlo Mal\u00e1 sc\u00e9na<\/mark><\/strong><br><strong><mark style=\"background-color:rgba(0, 0, 0, 0);color:#3b558f\" class=\"has-inline-color\">Koncert s Art Music Orchestra Palfyho pal\u00e1c v Chtelnici koncert<\/mark><\/strong><br><strong><mark style=\"background-color:rgba(0, 0, 0, 0);color:#3b558f\" class=\"has-inline-color\">jazz, \u0161ans\u00f3n Jana Hubinska BLUE NOTE, Nov\u00e9 mesto nad V\u00e1hom<\/mark><\/strong><br><strong><mark style=\"background-color:rgba(0, 0, 0, 0);color:#3b558f\" class=\"has-inline-color\">koncert s Art Music Orchestra, pr\u00edrodn\u00fd amfite\u00e1ter, Pie\u0161\u0165any<\/mark><\/strong><br><strong><mark style=\"background-color:rgba(0, 0, 0, 0);color:#3b558f\" class=\"has-inline-color\">\u0160ans\u00f3novo jazzov\u00fd koncert, Ka\u0161tie\u013e Oponice &#8211; world music koncert spev: J. Hubinska, Klav\u00edr: G. Jon\u00e1\u0161<\/mark><\/strong><br><strong><mark style=\"background-color:rgba(0, 0, 0, 0);color:#3b558f\" class=\"has-inline-color\">Yacht club Slovan Bratislava, \u0161ans\u00f3novo jazzov\u00e9 koncerty spev: J. Hubinska, klav\u00edr: G.Jon\u00e1\u0161, kontrabas: J. Kalasz<\/mark><\/strong><br><strong><mark style=\"background-color:rgba(0, 0, 0, 0);color:#3b558f\" class=\"has-inline-color\">Otvorenie festivalu franc\u00fazskeho filmu Film Europe, Pistoriho pal\u00e1c<\/mark><\/strong><\/p>\n\n\n\n<p><strong>2013&nbsp;&nbsp;<\/strong><br><strong><mark style=\"background-color:rgba(0, 0, 0, 0);color:#3b558f\" class=\"has-inline-color\">koncert s Art Music orchestra, divadlo Jana Pal\u00e1rika, Trnava<\/mark><\/strong><\/p>\n\n\n\n<p><strong><mark style=\"background-color:rgba(0, 0, 0, 0);color:#3b558f\" class=\"has-inline-color\">\u0160ans\u00f3nov\u00e9 jazzov\u00e9 koncerty, spev: J. Hubinska, klav\u00edr: G. Jona\u0161, kontrabas: J. Kalasz<\/mark><\/strong><\/p>\n\n\n\n<p><strong><mark style=\"background-color:rgba(0, 0, 0, 0);color:#3b558f\" class=\"has-inline-color\">utorky v re\u0161taur\u00e1cia Zlat\u00fd ba\u017eant, koncert s Art Music Orchestra, \u010cerven\u00edk koncert<\/mark><\/strong><\/p>\n\n\n\n<p><strong><mark style=\"background-color:rgba(0, 0, 0, 0);color:#3b558f\" class=\"has-inline-color\">hudobn\u00fd ve\u010der na Chanuku, Ohel David koncert<\/mark><\/strong><\/p>\n\n\n\n<p><strong><mark style=\"background-color:rgba(0, 0, 0, 0);color:#3b558f\" class=\"has-inline-color\">\u0160ans\u00f3nov\u00fd ve\u010der Jany Hubinskej s hos\u0165ami, Divadlo Mal\u00e1 sc\u00e9na<\/mark><\/strong><\/p>\n\n\n\n<p><strong>2009&nbsp; &nbsp;<\/strong><br><strong><mark style=\"background-color:rgba(0, 0, 0, 0);color:#3b558f\" class=\"has-inline-color\">Koncert \u0160ANSON.CZ &#8211; \u0160ANS\u00d3N.SK Lisztova z\u00e1hrada &#8211; ve\u010der \u0161ans\u00f3nu<\/mark><\/strong><\/p>\n\n\n\n<p><strong>2007&nbsp;&nbsp;&nbsp;<\/strong><br><strong><mark style=\"background-color:rgba(0, 0, 0, 0);color:#3b558f\" class=\"has-inline-color\">piese\u0148 do rozhlasovej hry \u201eP\u00e1slo diev\u010da p\u00e1vy\u201c<\/mark><\/strong><\/p>\n\n\n\n<p><strong>2005&nbsp; &nbsp;<\/strong><br><strong><mark style=\"background-color:rgba(0, 0, 0, 0);color:#3b558f\" class=\"has-inline-color\">Spoluautorka&nbsp; piesne Africa&nbsp;<\/mark><\/strong><\/p>\n\n\n\n<p><strong>2003&nbsp; &nbsp;<\/strong><br><strong><mark style=\"background-color:rgba(0, 0, 0, 0);color:#3b558f\" class=\"has-inline-color\">STV Zaho\u010f starosti hudobn\u00fd program<\/mark><\/strong><\/p>\n\n\n\n<p><strong><mark style=\"background-color:rgba(0, 0, 0, 0);color:#3b558f\" class=\"has-inline-color\">\u0160ans\u00f3nov\u00fd ve\u010der, koncert Zychiho pal\u00e1c<\/mark><\/strong><\/p>\n\n\n\n<p><strong><mark style=\"background-color:rgba(0, 0, 0, 0);color:#3b558f\" class=\"has-inline-color\">Jazzov\u00fd koncert Klarisky<\/mark><\/strong><\/p>\n\n\n\n<p><strong>2002&nbsp;&nbsp;&nbsp;<\/strong><br><strong><mark style=\"background-color:rgba(0, 0, 0, 0);color:#3b558f\" class=\"has-inline-color\">piese\u0148 \u201eAtlant\u00edda\u201c naspievala do filmu \u201eDev\u010d\u00e1tko\u201c<\/mark><\/strong><\/p>\n\n\n\n<p><strong>1998&nbsp;&nbsp;<\/strong>&nbsp;<br><strong><mark style=\"background-color:rgba(0, 0, 0, 0);color:#3b558f\" class=\"has-inline-color\">Viano\u010dn\u00fd koncert s&nbsp;Orchestrom P. Zaja\u010dika v&nbsp;kostole Panny M\u00e1rie v&nbsp;Senici.<\/mark><\/strong><\/p>\n\n\n\n<p><strong><mark style=\"background-color:rgba(0, 0, 0, 0);color:#3b558f\" class=\"has-inline-color\">Do rozhlasovej rozpr\u00e1vky&nbsp; Kr\u00e1\u013eovn\u00e1 v\u00edl, naspievala piese\u0148 \u201eP\u00e1slo diev\u010da p\u00e1vy\u201c<\/mark><\/strong><\/p>\n\n\n\n<p><strong>1996&nbsp; &nbsp;<\/strong><br><strong><mark style=\"background-color:rgba(0, 0, 0, 0);color:#3b558f\" class=\"has-inline-color\">CD Jana Hubinsk\u00e1 Hotel Hazard spev, autorka a spoluautorka<\/mark><\/strong><\/p>\n\n\n\n<p><strong><mark style=\"background-color:rgba(0, 0, 0, 0);color:#3b558f\" class=\"has-inline-color\">Pravideln\u00e9 koncerty v Teatro Wustenrot, hudobn\u00e1 spolupr\u00e1ca s V. Kubi\u010dkom texty piesni Z. Kr\u00ed\u017ekova<\/mark><\/strong><\/p>\n\n\n\n<p><strong><mark style=\"background-color:rgba(0, 0, 0, 0);color:#3b558f\" class=\"has-inline-color\">CD \u201eInsomnia\u201c spev a text Jana Hubinska<\/mark><\/strong><\/p>\n\n\n\n<p><strong>1995&nbsp;&nbsp;&nbsp;<\/strong><br><strong><mark style=\"background-color:rgba(0, 0, 0, 0);color:#3b558f\" class=\"has-inline-color\">Projekt \u201ePo\u0161tov\u00e9 divadlo\u201c s&nbsp;hudbou \u201eInsomnia\u201c je ulo\u017een\u00e9 v&nbsp;arch\u00edve N\u00e1rodnej gal\u0155ie<\/mark><\/strong><\/p>\n\n\n\n<div class=\"wp-block-group alignfull has-global-padding is-layout-constrained wp-container-core-group-is-layout-b25ccd55 wp-block-group-is-layout-constrained\" style=\"margin-top:0;margin-bottom:0;padding-top:var(--wp--preset--spacing--50);padding-right:var(--wp--preset--spacing--50);padding-bottom:var(--wp--preset--spacing--50);padding-left:var(--wp--preset--spacing--50)\">\n<div class=\"wp-block-columns alignwide is-layout-flex wp-container-core-columns-is-layout-ff4b9c61 wp-block-columns-is-layout-flex\" style=\"margin-top:0;margin-bottom:0\">\n<div class=\"wp-block-column is-layout-flow wp-container-core-column-is-layout-8a368f38 wp-block-column-is-layout-flow\">\n<figure class=\"wp-block-image size-full is-style-rounded is-style-rounded--1\"><img loading=\"lazy\" decoding=\"async\" width=\"720\" height=\"476\" src=\"http:\/\/hubinska.sk\/wp-content\/uploads\/2024\/08\/FB_IMG_1476169070896.jpg\" alt=\"\" class=\"wp-image-145\" style=\"aspect-ratio:4\/3;object-fit:cover\" srcset=\"http:\/\/hubinska.sk\/wp-content\/uploads\/2024\/08\/FB_IMG_1476169070896.jpg 720w, http:\/\/hubinska.sk\/wp-content\/uploads\/2024\/08\/FB_IMG_1476169070896-300x198.jpg 300w\" sizes=\"auto, (max-width: 720px) 100vw, 720px\" \/><\/figure>\n\n\n\n<div style=\"height:var(--wp--preset--spacing--50)\" aria-hidden=\"true\" class=\"wp-block-spacer\"><\/div>\n\n\n\n<figure class=\"wp-block-image size-full is-style-rounded is-style-rounded--2\"><img loading=\"lazy\" decoding=\"async\" width=\"528\" height=\"960\" src=\"http:\/\/hubinska.sk\/wp-content\/uploads\/2024\/08\/51112622_2006101722788380_7653333444583227392_n.jpg\" alt=\"\" class=\"wp-image-148\" style=\"aspect-ratio:3\/4;object-fit:cover\" srcset=\"http:\/\/hubinska.sk\/wp-content\/uploads\/2024\/08\/51112622_2006101722788380_7653333444583227392_n.jpg 528w, http:\/\/hubinska.sk\/wp-content\/uploads\/2024\/08\/51112622_2006101722788380_7653333444583227392_n-165x300.jpg 165w\" sizes=\"auto, (max-width: 528px) 100vw, 528px\" \/><\/figure>\n\n\n\n<div style=\"height:var(--wp--preset--spacing--50)\" aria-hidden=\"true\" class=\"wp-block-spacer\"><\/div>\n<\/div>\n\n\n\n<div class=\"wp-block-column is-layout-flow wp-container-core-column-is-layout-8a368f38 wp-block-column-is-layout-flow\">\n<div style=\"height:var(--wp--preset--spacing--50)\" aria-hidden=\"true\" class=\"wp-block-spacer\"><\/div>\n\n\n\n<figure class=\"wp-block-image size-full is-style-rounded is-style-rounded--3\"><img loading=\"lazy\" decoding=\"async\" width=\"899\" height=\"1599\" src=\"http:\/\/hubinska.sk\/wp-content\/uploads\/2024\/08\/IMG-20200321-WA0014.jpg\" alt=\"\" class=\"wp-image-151\" style=\"aspect-ratio:3\/4;object-fit:cover\" srcset=\"http:\/\/hubinska.sk\/wp-content\/uploads\/2024\/08\/IMG-20200321-WA0014.jpg 899w, http:\/\/hubinska.sk\/wp-content\/uploads\/2024\/08\/IMG-20200321-WA0014-169x300.jpg 169w, http:\/\/hubinska.sk\/wp-content\/uploads\/2024\/08\/IMG-20200321-WA0014-576x1024.jpg 576w, http:\/\/hubinska.sk\/wp-content\/uploads\/2024\/08\/IMG-20200321-WA0014-768x1366.jpg 768w, http:\/\/hubinska.sk\/wp-content\/uploads\/2024\/08\/IMG-20200321-WA0014-864x1536.jpg 864w\" sizes=\"auto, (max-width: 899px) 100vw, 899px\" \/><\/figure>\n\n\n\n<div style=\"height:var(--wp--preset--spacing--50)\" aria-hidden=\"true\" class=\"wp-block-spacer\"><\/div>\n\n\n\n<figure class=\"wp-block-image size-full is-style-rounded is-style-rounded--4\"><img loading=\"lazy\" decoding=\"async\" width=\"1241\" height=\"1390\" src=\"http:\/\/hubinska.sk\/wp-content\/uploads\/2024\/08\/IMG-20200321-WA0050.jpg\" alt=\"\" class=\"wp-image-154\" style=\"aspect-ratio:1;object-fit:cover\" srcset=\"http:\/\/hubinska.sk\/wp-content\/uploads\/2024\/08\/IMG-20200321-WA0050.jpg 1241w, http:\/\/hubinska.sk\/wp-content\/uploads\/2024\/08\/IMG-20200321-WA0050-268x300.jpg 268w, http:\/\/hubinska.sk\/wp-content\/uploads\/2024\/08\/IMG-20200321-WA0050-914x1024.jpg 914w, http:\/\/hubinska.sk\/wp-content\/uploads\/2024\/08\/IMG-20200321-WA0050-768x860.jpg 768w\" sizes=\"auto, (max-width: 1241px) 100vw, 1241px\" \/><\/figure>\n\n\n\n<div style=\"height:var(--wp--preset--spacing--50)\" aria-hidden=\"true\" class=\"wp-block-spacer\"><\/div>\n\n\n\n<figure class=\"wp-block-image size-full is-style-rounded is-style-rounded--5\"><img loading=\"lazy\" decoding=\"async\" width=\"2560\" height=\"1810\" src=\"http:\/\/hubinska.sk\/wp-content\/uploads\/2024\/08\/16i-scaled.jpg\" alt=\"\" class=\"wp-image-158\" style=\"aspect-ratio:1;object-fit:cover\" srcset=\"http:\/\/hubinska.sk\/wp-content\/uploads\/2024\/08\/16i-scaled.jpg 2560w, http:\/\/hubinska.sk\/wp-content\/uploads\/2024\/08\/16i-300x212.jpg 300w, http:\/\/hubinska.sk\/wp-content\/uploads\/2024\/08\/16i-1024x724.jpg 1024w, http:\/\/hubinska.sk\/wp-content\/uploads\/2024\/08\/16i-768x543.jpg 768w, http:\/\/hubinska.sk\/wp-content\/uploads\/2024\/08\/16i-1536x1086.jpg 1536w, http:\/\/hubinska.sk\/wp-content\/uploads\/2024\/08\/16i-2048x1448.jpg 2048w\" sizes=\"auto, (max-width: 2560px) 100vw, 2560px\" \/><\/figure>\n<\/div>\n\n\n\n<div class=\"wp-block-column is-layout-flow wp-container-core-column-is-layout-8a368f38 wp-block-column-is-layout-flow\">\n<figure class=\"wp-block-image size-large is-style-rounded is-style-rounded--6\"><img loading=\"lazy\" decoding=\"async\" width=\"1022\" height=\"1024\" src=\"http:\/\/hubinska.sk\/wp-content\/uploads\/2024\/08\/IMG-20200321-WA0046-1022x1024.jpg\" alt=\"\" class=\"wp-image-153\" style=\"aspect-ratio:3\/4;object-fit:cover\" srcset=\"http:\/\/hubinska.sk\/wp-content\/uploads\/2024\/08\/IMG-20200321-WA0046-1022x1024.jpg 1022w, http:\/\/hubinska.sk\/wp-content\/uploads\/2024\/08\/IMG-20200321-WA0046-300x300.jpg 300w, http:\/\/hubinska.sk\/wp-content\/uploads\/2024\/08\/IMG-20200321-WA0046-150x150.jpg 150w, http:\/\/hubinska.sk\/wp-content\/uploads\/2024\/08\/IMG-20200321-WA0046-768x769.jpg 768w, http:\/\/hubinska.sk\/wp-content\/uploads\/2024\/08\/IMG-20200321-WA0046-1533x1536.jpg 1533w, http:\/\/hubinska.sk\/wp-content\/uploads\/2024\/08\/IMG-20200321-WA0046.jpg 1597w\" sizes=\"auto, (max-width: 1022px) 100vw, 1022px\" \/><\/figure>\n\n\n\n<div style=\"height:var(--wp--preset--spacing--50)\" aria-hidden=\"true\" class=\"wp-block-spacer\"><\/div>\n\n\n\n<figure class=\"wp-block-image size-full is-style-rounded is-style-rounded--7\"><img loading=\"lazy\" decoding=\"async\" width=\"750\" height=\"499\" src=\"http:\/\/hubinska.sk\/wp-content\/uploads\/2024\/08\/15-1.jpg\" alt=\"\" class=\"wp-image-149\" style=\"aspect-ratio:3\/4;object-fit:cover\" srcset=\"http:\/\/hubinska.sk\/wp-content\/uploads\/2024\/08\/15-1.jpg 750w, http:\/\/hubinska.sk\/wp-content\/uploads\/2024\/08\/15-1-300x200.jpg 300w\" sizes=\"auto, (max-width: 750px) 100vw, 750px\" \/><\/figure>\n\n\n\n<div style=\"height:var(--wp--preset--spacing--50)\" aria-hidden=\"true\" class=\"wp-block-spacer\"><\/div>\n\n\n\n<figure class=\"wp-block-image size-large is-resized is-style-rounded is-style-rounded--8\"><img loading=\"lazy\" decoding=\"async\" width=\"1024\" height=\"683\" src=\"http:\/\/hubinska.sk\/wp-content\/uploads\/2024\/08\/13416964_1024009684330927_6639862612244564683_o-1024x683.jpg\" alt=\"\" class=\"wp-image-156\" style=\"aspect-ratio:1.7777777777777777;object-fit:cover;width:293px;height:auto\" srcset=\"http:\/\/hubinska.sk\/wp-content\/uploads\/2024\/08\/13416964_1024009684330927_6639862612244564683_o-1024x683.jpg 1024w, http:\/\/hubinska.sk\/wp-content\/uploads\/2024\/08\/13416964_1024009684330927_6639862612244564683_o-300x200.jpg 300w, http:\/\/hubinska.sk\/wp-content\/uploads\/2024\/08\/13416964_1024009684330927_6639862612244564683_o-768x512.jpg 768w, http:\/\/hubinska.sk\/wp-content\/uploads\/2024\/08\/13416964_1024009684330927_6639862612244564683_o-1536x1025.jpg 1536w, http:\/\/hubinska.sk\/wp-content\/uploads\/2024\/08\/13416964_1024009684330927_6639862612244564683_o.jpg 2048w\" sizes=\"auto, (max-width: 1024px) 100vw, 1024px\" \/><\/figure>\n<\/div>\n\n\n\n<div class=\"wp-block-column is-layout-flow wp-container-core-column-is-layout-8a368f38 wp-block-column-is-layout-flow\">\n<div style=\"height:var(--wp--preset--spacing--50)\" aria-hidden=\"true\" class=\"wp-block-spacer\"><\/div>\n\n\n\n<figure class=\"wp-block-image size-full is-style-rounded is-style-rounded--9\"><img loading=\"lazy\" decoding=\"async\" width=\"899\" height=\"1599\" src=\"http:\/\/hubinska.sk\/wp-content\/uploads\/2024\/08\/IMG-20200321-WA0018.jpg\" alt=\"\" class=\"wp-image-152\" style=\"aspect-ratio:1;object-fit:cover\" srcset=\"http:\/\/hubinska.sk\/wp-content\/uploads\/2024\/08\/IMG-20200321-WA0018.jpg 899w, http:\/\/hubinska.sk\/wp-content\/uploads\/2024\/08\/IMG-20200321-WA0018-169x300.jpg 169w, http:\/\/hubinska.sk\/wp-content\/uploads\/2024\/08\/IMG-20200321-WA0018-576x1024.jpg 576w, http:\/\/hubinska.sk\/wp-content\/uploads\/2024\/08\/IMG-20200321-WA0018-768x1366.jpg 768w, http:\/\/hubinska.sk\/wp-content\/uploads\/2024\/08\/IMG-20200321-WA0018-864x1536.jpg 864w\" sizes=\"auto, (max-width: 899px) 100vw, 899px\" \/><\/figure>\n\n\n\n<div style=\"height:var(--wp--preset--spacing--50)\" aria-hidden=\"true\" class=\"wp-block-spacer\"><\/div>\n\n\n\n<figure class=\"wp-block-image size-full is-style-rounded is-style-rounded--10\"><img loading=\"lazy\" decoding=\"async\" width=\"373\" height=\"560\" src=\"http:\/\/hubinska.sk\/wp-content\/uploads\/2024\/08\/17-1.jpg\" alt=\"\" class=\"wp-image-150\" style=\"aspect-ratio:9\/16;object-fit:cover\" srcset=\"http:\/\/hubinska.sk\/wp-content\/uploads\/2024\/08\/17-1.jpg 373w, http:\/\/hubinska.sk\/wp-content\/uploads\/2024\/08\/17-1-200x300.jpg 200w\" sizes=\"auto, (max-width: 373px) 100vw, 373px\" \/><\/figure>\n\n\n\n<div style=\"height:104px\" aria-hidden=\"true\" class=\"wp-block-spacer\"><\/div>\n\n\n\n<figure class=\"wp-block-image size-full is-style-rounded is-style-rounded--11\"><img loading=\"lazy\" decoding=\"async\" width=\"1890\" height=\"1210\" src=\"http:\/\/hubinska.sk\/wp-content\/uploads\/2024\/08\/received_1556585267740030.jpeg\" alt=\"\" class=\"wp-image-157\" style=\"aspect-ratio:3\/4;object-fit:cover\" srcset=\"http:\/\/hubinska.sk\/wp-content\/uploads\/2024\/08\/received_1556585267740030.jpeg 1890w, http:\/\/hubinska.sk\/wp-content\/uploads\/2024\/08\/received_1556585267740030-300x192.jpeg 300w, http:\/\/hubinska.sk\/wp-content\/uploads\/2024\/08\/received_1556585267740030-1024x656.jpeg 1024w, http:\/\/hubinska.sk\/wp-content\/uploads\/2024\/08\/received_1556585267740030-768x492.jpeg 768w, http:\/\/hubinska.sk\/wp-content\/uploads\/2024\/08\/received_1556585267740030-1536x983.jpeg 1536w\" sizes=\"auto, (max-width: 1890px) 100vw, 1890px\" \/><\/figure>\n<\/div>\n<\/div>\n<\/div>","protected":false},"excerpt":{"rendered":"<p>P\u00e1slo diev\u010da p\u00e1vy &#8211; Demo Whatta Wonderfull Wonderfull World 2022&nbsp;&nbsp; Koncert v&nbsp;Matici slovenskej&nbsp; Matrin s&nbsp;Karin SarkasjanBakal\u00e1rsky absolventsk\u00fd koncert \u0161tudentov muzik\u00e1lov\u00e9ho spevu AU BB 2021&nbsp;&nbsp;&nbsp;&nbsp;Tatransk\u00e1 Lomnica, koncert pri pr\u00edle\u017eitosti ude\u013eovania cien Horsk\u00fdch osobnost\u00ed &nbsp;&nbsp;&nbsp;Bakal\u00e1rsky absolventsk\u00fd koncert \u0161tudentov muzik\u00e1lov\u00e9ho spevu AU BB 2020&nbsp;&nbsp; &nbsp;Live stream koncest \u201eAj toto som ja\u201c&nbsp;Kapela: Jan Berky Mrenica ml.&nbsp;&nbsp;&nbsp;&nbsp;&nbsp;&nbsp;&nbsp;&nbsp; &nbsp; 2019&nbsp;&nbsp;&nbsp;Hana Hegerov\u00e1 [&hellip;]<\/p>","protected":false},"author":1,"featured_media":0,"parent":0,"menu_order":0,"comment_status":"closed","ping_status":"closed","template":"","meta":{"footnotes":""},"class_list":["post-164","page","type-page","status-publish","hentry"],"_links":{"self":[{"href":"http:\/\/hubinska.sk\/en\/wp-json\/wp\/v2\/pages\/164","targetHints":{"allow":["GET"]}}],"collection":[{"href":"http:\/\/hubinska.sk\/en\/wp-json\/wp\/v2\/pages"}],"about":[{"href":"http:\/\/hubinska.sk\/en\/wp-json\/wp\/v2\/types\/page"}],"author":[{"embeddable":true,"href":"http:\/\/hubinska.sk\/en\/wp-json\/wp\/v2\/users\/1"}],"replies":[{"embeddable":true,"href":"http:\/\/hubinska.sk\/en\/wp-json\/wp\/v2\/comments?post=164"}],"version-history":[{"count":11,"href":"http:\/\/hubinska.sk\/en\/wp-json\/wp\/v2\/pages\/164\/revisions"}],"predecessor-version":[{"id":650,"href":"http:\/\/hubinska.sk\/en\/wp-json\/wp\/v2\/pages\/164\/revisions\/650"}],"wp:attachment":[{"href":"http:\/\/hubinska.sk\/en\/wp-json\/wp\/v2\/media?parent=164"}],"curies":[{"name":"wp","href":"https:\/\/api.w.org\/{rel}","templated":true}]}}