{"id":184,"date":"2024-08-18T14:50:07","date_gmt":"2024-08-18T12:50:07","guid":{"rendered":"http:\/\/hubinska.sk\/?page_id=184"},"modified":"2025-06-18T16:58:42","modified_gmt":"2025-06-18T14:58:42","slug":"ostatne","status":"publish","type":"page","link":"http:\/\/hubinska.sk\/en\/ostatne\/","title":{"rendered":"Other"},"content":{"rendered":"<div style=\"height:106px\" aria-hidden=\"true\" class=\"wp-block-spacer\"><\/div>\n\n\n\n<h4 class=\"wp-block-heading has-text-align-center\">Video \u0161tudentiek Jany Hub\u00edsnkej<\/h4>\n\n\n\n<figure class=\"wp-block-video\"><video height=\"480\" style=\"aspect-ratio: 848 \/ 480;\" width=\"848\" controls src=\"https:\/\/hubinska.sk\/wp-content\/uploads\/2025\/06\/Video-WhatsApp-2025-05-24-o-15.23.41_3f4c6873.mp4\"><\/video><\/figure>\n\n\n\n<div class=\"wp-block-group alignwide has-global-padding is-layout-constrained wp-block-group-is-layout-constrained\">\n<p><strong>Rozhlas a&nbsp;in\u00e9 \u010dinnosti a&nbsp;aktivity<\/strong><\/p>\n\n\n\n<p><strong>2022&nbsp;<\/strong>&nbsp;-travel evening in Hogo Fogo club BB&nbsp;&nbsp;&nbsp;&nbsp;&nbsp;&nbsp;&nbsp;&nbsp;&nbsp;&nbsp;&nbsp;&nbsp;&nbsp;&nbsp;&nbsp;&nbsp;&nbsp;&nbsp;&nbsp;&nbsp;&nbsp;&nbsp;&nbsp;&nbsp;&nbsp;&nbsp;&nbsp;&nbsp;&nbsp;&nbsp;&nbsp;&nbsp;&nbsp;&nbsp;&nbsp;&nbsp;&nbsp;&nbsp;&nbsp;&nbsp;&nbsp;&nbsp;&nbsp;&nbsp;&nbsp;&nbsp;&nbsp;&nbsp;&nbsp;&nbsp;&nbsp;&nbsp;&nbsp;&nbsp;&nbsp;&nbsp;&nbsp;&nbsp;&nbsp;&nbsp;&nbsp;&nbsp;&nbsp;&nbsp;&nbsp;&nbsp;&nbsp;&nbsp;&nbsp;&nbsp;&nbsp;&nbsp;&nbsp;&nbsp;&nbsp;&nbsp;&nbsp;&nbsp;&nbsp;&nbsp;&nbsp;&nbsp;&nbsp;&nbsp;&nbsp;&nbsp;&nbsp;&nbsp;&nbsp;<\/p>\n\n\n\n<p><strong>2020 &nbsp;&nbsp;<\/strong>-travel cinema with discussion<\/p>\n\n\n\n<p><strong>2018-2020<\/strong>&nbsp;-travel evenings, photo exhibitions<\/p>\n\n\n\n<p><strong>2017&nbsp;&nbsp;<\/strong>&nbsp;- Vernissage of photographs in Theatre on the Balustrade Prague<\/p>\n\n\n\n<p><strong>2016&nbsp;&nbsp;<\/strong>&nbsp;-Vernissage of paintings<\/p>\n\n\n\n<p><strong>2005-2015<\/strong>&nbsp;ten years of exclusivity for NIVEA voice spots<\/p>\n\n\n\n<p><strong>2004-2015<\/strong>&nbsp;-Vernissage of photographs<\/p>\n\n\n\n<p><strong>2008&nbsp;&nbsp;<\/strong>&nbsp;-directing of the documentary film \u201eS kr\u00eddlami v du\u0161i\u201c&nbsp;&nbsp;&nbsp;&nbsp;&nbsp;&nbsp;&nbsp;&nbsp;&nbsp;<\/p>\n\n\n\n<p><strong>2007-2008<\/strong>&nbsp;-script for the documentary film \u201eS kr\u00eddlami v du\u0161i\u201c<\/p>\n\n\n\n<p><strong>2006&nbsp; &nbsp;<\/strong>&nbsp;-Auction of photos from Africa in Casino cafe Reduta<\/p>\n\n\n\n<p>&nbsp;&nbsp;&nbsp;&nbsp;&nbsp;&nbsp;&nbsp;&nbsp;&nbsp; &nbsp; -Cooperation with the Civic Association Humanitas Africa<\/p>\n\n\n\n<p><strong>2005&nbsp; &nbsp;<\/strong>&nbsp;-vernissage of photographs \u201e10 dn\u00ed v Afrike\u201c<\/p>\n\n\n\n<p>&nbsp;&nbsp;&nbsp;&nbsp;&nbsp;&nbsp;&nbsp;&nbsp;&nbsp; &nbsp; -DVD - multimedial project \u201e10 dn\u00ed v raji\u201c<\/p>\n\n\n\n<p>&nbsp;&nbsp;&nbsp;&nbsp;&nbsp;&nbsp;&nbsp;&nbsp;&nbsp; &nbsp; - Book launch \u201e10 dn\u00ed v raji, alebo v JAR-e?\u201c&nbsp;&nbsp;&nbsp;&nbsp;&nbsp;&nbsp;&nbsp;&nbsp;&nbsp;&nbsp;&nbsp;&nbsp;&nbsp;&nbsp;&nbsp;&nbsp;&nbsp;&nbsp;&nbsp;&nbsp;&nbsp;&nbsp;<\/p>\n\n\n\n<p><strong>2003&nbsp;&nbsp;&nbsp;<\/strong>&nbsp;-Advertising campaign for Slovenska Sporitelna<\/p>\n\n\n\n<p><strong>PEDAGOGICAL ACTIVITY<\/strong><\/p>\n\n\n\n<p><strong>2021- 2024<\/strong>&nbsp;Academy of Arts, Bansk\u00e1 Bystrica, teacher of musical singing<\/p>\n\n\n\n<p><strong>2007- 2009<\/strong>&nbsp;-AU BB film acting teacher<\/p>\n<\/div>\n\n\n\n<div class=\"wp-block-group alignfull has-global-padding is-layout-constrained wp-container-core-group-is-layout-b25ccd55 wp-block-group-is-layout-constrained\" style=\"margin-top:0;margin-bottom:0;padding-top:var(--wp--preset--spacing--50);padding-right:var(--wp--preset--spacing--50);padding-bottom:var(--wp--preset--spacing--50);padding-left:var(--wp--preset--spacing--50)\">\n<div class=\"wp-block-columns alignwide is-layout-flex wp-container-core-columns-is-layout-ff4b9c61 wp-block-columns-is-layout-flex\" style=\"margin-top:0;margin-bottom:0\">\n<div class=\"wp-block-column is-layout-flow wp-container-core-column-is-layout-8a368f38 wp-block-column-is-layout-flow\">\n\n\n<div style=\"height:var(--wp--preset--spacing--50)\" aria-hidden=\"true\" class=\"wp-block-spacer\"><\/div>\n\n\n\n\n\n<div style=\"height:var(--wp--preset--spacing--50)\" aria-hidden=\"true\" class=\"wp-block-spacer\"><\/div>\n\n\n<\/div>\n\n\n\n<div class=\"wp-block-column is-layout-flow wp-container-core-column-is-layout-8a368f38 wp-block-column-is-layout-flow\">\n<div style=\"height:var(--wp--preset--spacing--50)\" aria-hidden=\"true\" class=\"wp-block-spacer\"><\/div>\n\n\n\n\n\n<div style=\"height:var(--wp--preset--spacing--50)\" aria-hidden=\"true\" class=\"wp-block-spacer\"><\/div>\n\n\n\n\n\n<div style=\"height:var(--wp--preset--spacing--50)\" aria-hidden=\"true\" class=\"wp-block-spacer\"><\/div>\n\n\n<\/div>\n\n\n\n<div class=\"wp-block-column is-layout-flow wp-container-core-column-is-layout-8a368f38 wp-block-column-is-layout-flow\">\n\n\n<div style=\"height:var(--wp--preset--spacing--50)\" aria-hidden=\"true\" class=\"wp-block-spacer\"><\/div>\n\n\n\n\n\n<div style=\"height:var(--wp--preset--spacing--50)\" aria-hidden=\"true\" class=\"wp-block-spacer\"><\/div>\n\n\n<\/div>\n\n\n\n<div class=\"wp-block-column is-layout-flow wp-container-core-column-is-layout-8a368f38 wp-block-column-is-layout-flow\">\n<div style=\"height:var(--wp--preset--spacing--50)\" aria-hidden=\"true\" class=\"wp-block-spacer\"><\/div>\n\n\n\n\n\n<div style=\"height:var(--wp--preset--spacing--50)\" aria-hidden=\"true\" class=\"wp-block-spacer\"><\/div>\n\n\n\n\n\n<div style=\"height:var(--wp--preset--spacing--50)\" aria-hidden=\"true\" class=\"wp-block-spacer\"><\/div>\n\n\n<\/div>\n<\/div>\n<\/div>","protected":false},"excerpt":{"rendered":"<p>Video \u0161tudentiek Jany Hub\u00edsnkej Rozhlas a&nbsp;in\u00e9 \u010dinnosti a&nbsp;aktivity 2022&nbsp;&nbsp;\u2013 cestovate\u013esk\u00fd ve\u010der v&nbsp;Hogo Fogo klub BB&nbsp;&nbsp;&nbsp;&nbsp;&nbsp;&nbsp;&nbsp;&nbsp;&nbsp;&nbsp;&nbsp;&nbsp;&nbsp;&nbsp;&nbsp;&nbsp;&nbsp;&nbsp;&nbsp;&nbsp;&nbsp;&nbsp;&nbsp;&nbsp;&nbsp;&nbsp;&nbsp;&nbsp;&nbsp;&nbsp;&nbsp;&nbsp;&nbsp;&nbsp;&nbsp;&nbsp;&nbsp;&nbsp;&nbsp;&nbsp;&nbsp;&nbsp;&nbsp;&nbsp;&nbsp;&nbsp;&nbsp;&nbsp;&nbsp;&nbsp;&nbsp;&nbsp;&nbsp;&nbsp;&nbsp;&nbsp;&nbsp;&nbsp;&nbsp;&nbsp;&nbsp;&nbsp;&nbsp;&nbsp;&nbsp;&nbsp;&nbsp;&nbsp;&nbsp;&nbsp;&nbsp;&nbsp;&nbsp;&nbsp;&nbsp;&nbsp;&nbsp;&nbsp;&nbsp;&nbsp;&nbsp;&nbsp;&nbsp;&nbsp;&nbsp;&nbsp;&nbsp;&nbsp;&nbsp; 2020 &nbsp;&nbsp;-cestovate\u013esk\u00e9 kino s&nbsp;besedou 2018-2020&nbsp;-cestovate\u013esk\u00e9&nbsp; ve\u010dery, v\u00fdstavy fotografi\u00ed 2017&nbsp;&nbsp;&nbsp;-Vernis\u00e1\u017e fotografi\u00ed v&nbsp;Divadle na Z\u00e1bradl\u00ed Praha 2016&nbsp;&nbsp;&nbsp;-Vernis\u00e1\u017e obrazov 2005-2015&nbsp;desa\u0165 rokov exkluzivita na voice reklamn\u00e9 spoty NIVEA 2004-2015&nbsp;-Vernis\u00e1\u017ee fotografii 2008&nbsp;&nbsp;&nbsp;-r\u00e9\u017eia dokument\u00e1rneho filmu \u201eS kr\u00eddlami v&nbsp;du\u0161i\u201c&nbsp;&nbsp;&nbsp;&nbsp;&nbsp;&nbsp;&nbsp;&nbsp;&nbsp; 2007-2008&nbsp;-scen\u00e1r k&nbsp;dokument\u00e1rnemu filmu S&nbsp;kr\u00eddlami v du\u0161i 2006&nbsp; &nbsp;&nbsp;-Aukcia [&hellip;]<\/p>","protected":false},"author":1,"featured_media":0,"parent":0,"menu_order":0,"comment_status":"closed","ping_status":"closed","template":"","meta":{"footnotes":""},"class_list":["post-184","page","type-page","status-publish","hentry"],"_links":{"self":[{"href":"http:\/\/hubinska.sk\/en\/wp-json\/wp\/v2\/pages\/184","targetHints":{"allow":["GET"]}}],"collection":[{"href":"http:\/\/hubinska.sk\/en\/wp-json\/wp\/v2\/pages"}],"about":[{"href":"http:\/\/hubinska.sk\/en\/wp-json\/wp\/v2\/types\/page"}],"author":[{"embeddable":true,"href":"http:\/\/hubinska.sk\/en\/wp-json\/wp\/v2\/users\/1"}],"replies":[{"embeddable":true,"href":"http:\/\/hubinska.sk\/en\/wp-json\/wp\/v2\/comments?post=184"}],"version-history":[{"count":3,"href":"http:\/\/hubinska.sk\/en\/wp-json\/wp\/v2\/pages\/184\/revisions"}],"predecessor-version":[{"id":941,"href":"http:\/\/hubinska.sk\/en\/wp-json\/wp\/v2\/pages\/184\/revisions\/941"}],"wp:attachment":[{"href":"http:\/\/hubinska.sk\/en\/wp-json\/wp\/v2\/media?parent=184"}],"curies":[{"name":"wp","href":"https:\/\/api.w.org\/{rel}","templated":true}]}}