{"id":24,"date":"2024-08-14T12:32:01","date_gmt":"2024-08-14T10:32:01","guid":{"rendered":"http:\/\/hubinska.sk\/?page_id=24"},"modified":"2024-11-22T18:12:30","modified_gmt":"2024-11-22T17:12:30","slug":"divadlo-2","status":"publish","type":"page","link":"http:\/\/hubinska.sk\/en\/divadlo-2\/","title":{"rendered":"Theatre"},"content":{"rendered":"<h4 class=\"wp-block-heading\"><strong><mark style=\"background-color:rgba(0, 0, 0, 0);color:#3b558f\" class=\"has-inline-color\">Awards:<\/mark><\/strong><\/h4>\n\n\n\n<p><strong>1994 \u00a0\u00a0\u00a0<\/strong>LITA Award for the best actress in a leading role\u00a0<strong>\u201eApatia\u201c<\/strong><br><strong>1988\u00a0<\/strong>\u00a0at the theatre festival in Arezzo, Italy, won the II. prize for the performance<strong>\u00a0\u201eKom\u00e9dia nov\u00e1 o vdov\u011b \u201e<\/strong><\/p>\n\n\n\n<div class=\"wp-block-group alignwide has-global-padding is-layout-constrained wp-block-group-is-layout-constrained\">\n<h4 class=\"wp-block-heading has-text-align-center has-contrast-color has-text-color has-link-color wp-elements-5623d0c228bc6b4b95f4d2f4eeb7abef\"><strong>Performances:<\/strong><\/h4>\n<\/div>\n\n\n\n<p><strong>2022-24\u00a0<\/strong><br><strong><mark style=\"background-color:rgba(0, 0, 0, 0);color:#3b558f\" class=\"has-inline-color\">Mamma Mia, Divadlo Ns<br><\/mark><\/strong>Director: Svetoz\u00e1r Spru\u0161ansk\u00fd Role: Tanya<\/p>\n\n\n\n<p><strong>2021\u00a0\u00a0\u00a0<\/strong><br><strong><mark style=\"background-color:rgba(0, 0, 0, 0);color:#3b558f\" class=\"has-inline-color\">Kremnick\u00e9 Gagy Europsky festival humoru a satiry s predstaven\u00edm \u201eMade in Slovensko\u201c, \/div. La Komika<\/mark><\/strong><\/p>\n\n\n\n<p><strong>2017\u00a0\u00a0\u00a0<\/strong><br><mark style=\"background-color:rgba(0, 0, 0, 0);color:#3b558f\" class=\"has-inline-color\"><strong>Mamma Mia, Divadlo Ns<\/strong><br><\/mark>Director: Svetoz\u00e1r Spru\u0161ansk\u00fd Role: Tanya<\/p>\n\n\n\n<p><strong>2015\u00a0 \u00a0<\/strong><br><strong><mark style=\"background-color:rgba(0, 0, 0, 0);color:#3b558f\" class=\"has-inline-color\">Made in Slovensko, Divadlo La Komika<br><\/mark><\/strong>Director: K. Vosadko Role: Eva<\/p>\n\n\n\n<p><strong>2010\u00a0\u00a0\u00a0<\/strong><br><strong><mark style=\"background-color:rgba(0, 0, 0, 0);color:#3b558f\" class=\"has-inline-color\">Spac\u00ed vady, Divadlo na Z\u00e1bradl\u00ed, Praha<br><\/mark><\/strong>Director: Slobodanka Radun Role: Madam T.<\/p>\n\n\n\n<p><strong>2007\u00a0\u00a0\u00a0<\/strong><br><strong><mark style=\"background-color:rgba(0, 0, 0, 0);color:#3b558f\" class=\"has-inline-color\">\u010cerven\u00fd a \u010cierny, Mestsk\u00e9 divadlo Brno Muzik\u00e1l.<br><\/mark><\/strong>Director: J.De\u00e1k Role: Madam de Renal<\/p>\n\n\n\n<p><strong>2004\u00a0\u00a0\u00a0<\/strong><br><strong><mark style=\"background-color:rgba(0, 0, 0, 0);color:#3b558f\" class=\"has-inline-color\">Blbec na ve\u010deru, divadlo NS<br><\/mark><\/strong>Director: E Horv\u00e1th Role: Krist\u00edna<br><strong><mark style=\"background-color:rgba(0, 0, 0, 0);color:#3b558f\" class=\"has-inline-color\">Edith a Marlen divadlo Pre\u0161ov<br><\/mark><\/strong>Director: M. K\u00e1ko\u0161 Role: M.Dietrich<br><mark style=\"background-color:rgba(0, 0, 0, 0);color:#3b558f\" class=\"has-inline-color\"><strong>Donaha divadlo NS<br><\/strong><\/mark>Director: Bedn\u00e1rik Role: Pam, Georga<br><strong><mark style=\"background-color:rgba(0, 0, 0, 0);color:#3b558f\" class=\"has-inline-color\">Hrie\u0161ny tanec divadlo Ar\u00e9na<br><\/mark><\/strong>Director: \u010eurov\u010d\u00edk Role: Matka<\/p>\n\n\n\n<p><strong>2003\u00a0\u00a0\u00a0<\/strong><br><strong><mark style=\"background-color:rgba(0, 0, 0, 0);color:#3b558f\" class=\"has-inline-color\">Kr\u00e1\u013eovn\u00e1 spieva blues<br><\/mark><\/strong>Director: N.Slov\u00e1k Main role: Billie Holiday\u00a0\u00a0\u00a0\u00a0\u00a0\u00a0\u00a0\u00a0\u00a0\u00a0\u00a0\u00a0\u00a0\u00a0\u00a0\u00a0\u00a0<\/p>\n\n\n\n<p><strong>2002\u00a0\u00a0\u00a0<\/strong><br><strong><mark style=\"background-color:rgba(0, 0, 0, 0);color:#3b558f\" class=\"has-inline-color\">Medzin\u00e1rodn\u00fd divadeln\u00fd projekt T\u0112TE a T\u0112TE<br><\/mark><\/strong>Burgr Opera contemporain\u00a0\u00a0\u00a0\u00a0\u00a0\u00a0\u00a0\u00a0\u00a0\u00a0\u00a0\u00a0\u00a0\u00a0\u00a0\u00a0\u00a0\u00a0\u00a0\u00a0<\/p>\n\n\n\n<p><strong>1998\u00a0\u00a0\u00a0<\/strong><br><strong><mark style=\"background-color:rgba(0, 0, 0, 0);color:#3b558f\" class=\"has-inline-color\">Krysa\u0159\u00a0  divadlo NS<br><\/mark><\/strong>Director: J. Gomb\u00e1r Role: \u0160tep\u00e1novka<\/p>\n\n\n\n<p><strong>1997\u00a0\u00a0\u00a0<\/strong><br><strong><mark style=\"background-color:rgba(0, 0, 0, 0);color:#3b558f\" class=\"has-inline-color\">Ples v hoteli Savoy divadlo NS<br><\/mark><\/strong>Role: P. Oravec Role: Tangolita<br><strong><mark style=\"background-color:rgba(0, 0, 0, 0);color:#3b558f\" class=\"has-inline-color\">Singoalla  \/\u0160v\u00e9dsko\/ Klicperovo divadlo Hradec Kr\u00e1lov\u00e9 Divadlo West<br><\/mark><\/strong>Director: R. Brezina Role: Singoalla<\/p>\n\n\n\n<p><strong>1996\u00a0\u00a0\u00a0<\/strong><br><strong><mark style=\"background-color:rgba(0, 0, 0, 0);color:#3b558f\" class=\"has-inline-color\">Smr\u0165 v ru\u017eovom<br><\/mark><\/strong>Director: \u013d. Roman Main role: E. Piaf<\/p>\n\n\n\n<p><strong>1995\u00a0\u00a0\u00a0<\/strong>\u00a0<br><strong><mark style=\"background-color:rgba(0, 0, 0, 0);color:#3b558f\" class=\"has-inline-color\">4 x Nie Divadlo Astorka<br><\/mark><\/strong>Director: I. Holub Role: Dana<\/p>\n\n\n\n<p><strong>1994\u00a0\u00a0\u00a0<\/strong><br><strong><mark style=\"background-color:rgba(0, 0, 0, 0);color:#3b558f\" class=\"has-inline-color\">Apatia Divadlo Astorka<br><\/mark><\/strong>Director: M. Kar\u00e1sek Role: Ona<br><strong><mark style=\"background-color:rgba(0, 0, 0, 0);color:#3b558f\" class=\"has-inline-color\">Motto <br><\/mark><\/strong>Director: M. Kar\u00e1sek Role: multiple roles<\/p>\n\n\n\n<p><strong>1993\u00a0 \u00a0<\/strong><br><strong><mark style=\"background-color:rgba(0, 0, 0, 0);color:#3b558f\" class=\"has-inline-color\">Man\u017eelstvo je v\u017edy riziko DGJT Zvolen<br><\/mark><\/strong>Director: O. Katu\u0161a Role: Po<br><strong><mark style=\"background-color:rgba(0, 0, 0, 0);color:#3b558f\" class=\"has-inline-color\">Jakub a Viktorka Divadlo Astorka<br><\/mark><\/strong>Director: collective Main role: Viktorka, all characters<br><strong><mark style=\"background-color:rgba(0, 0, 0, 0);color:#3b558f\" class=\"has-inline-color\">Hrdza Divadlo Astorka<br><\/mark><\/strong>Director: M. Kar\u00e1sek Role: multiple roles<br><strong><mark style=\"background-color:rgba(0, 0, 0, 0);color:#3b558f\" class=\"has-inline-color\">Posadnut\u00ed l\u00e1skou DGJT Zvolen<br><\/mark><\/strong>Director: \u013d. Majera Main role: May<\/p>\n\n\n\n<p><strong>1992\u00a0 \u00a0<\/strong><br><strong><mark style=\"background-color:rgba(0, 0, 0, 0);color:#3b558f\" class=\"has-inline-color\">Alica v z\u00e1zra\u010dnej krajine \/\u0160vaj\u010diarsko\/ \u0160BD, inscen\u00e1cia sa hrala aj v Holandsku, Nemecku, \u0160vaj\u010diarsku<\/mark><\/strong><br>Director: P. Uher Role: Queen, animals<\/p>\n\n\n\n<p><strong>1991\u00a0\u00a0\u00a0<\/strong><br><strong><mark style=\"background-color:rgba(0, 0, 0, 0);color:#3b558f\" class=\"has-inline-color\">Bozk \u017eeny pav\u00faka Divadlo \u010cierny havran<br><\/mark><\/strong>Director: M. Lauko Role: prison guard<\/p>\n\n\n\n<p><strong>1990\u00a0 \u00a0 <\/strong><br><strong><mark style=\"background-color:rgba(0, 0, 0, 0);color:#3b558f\" class=\"has-inline-color\">Absolventsk\u00e9 predstavenie \u201eONI\u201c  \/Krakov\/ Muzik\u00e1lov\u00e1 \u0161kola vo Var\u0161ave muzik\u00e1lov\u00fd projekt \u201eMetro\u201c<br><\/mark><\/strong>Director: R. Ziolo Main role: Spika<\/p>\n\n\n\n<div class=\"wp-block-group alignfull has-global-padding is-layout-constrained wp-container-core-group-is-layout-b25ccd55 wp-block-group-is-layout-constrained\" style=\"margin-top:0;margin-bottom:0;padding-top:var(--wp--preset--spacing--50);padding-right:var(--wp--preset--spacing--50);padding-bottom:var(--wp--preset--spacing--50);padding-left:var(--wp--preset--spacing--50)\">\n<div class=\"wp-block-columns alignwide is-layout-flex wp-container-core-columns-is-layout-ff4b9c61 wp-block-columns-is-layout-flex\" style=\"margin-top:0;margin-bottom:0\">\n<div class=\"wp-block-column is-layout-flow wp-container-core-column-is-layout-8a368f38 wp-block-column-is-layout-flow\">\n<figure class=\"wp-block-image size-full is-style-rounded is-style-rounded--1\"><img loading=\"lazy\" decoding=\"async\" width=\"960\" height=\"960\" src=\"http:\/\/hubinska.sk\/wp-content\/uploads\/2024\/08\/58961722_2144006678997883_1225539226804682752_n-\u2013-kopia.jpg\" alt=\"\" class=\"wp-image-57\" style=\"aspect-ratio:4\/3;object-fit:cover\" srcset=\"http:\/\/hubinska.sk\/wp-content\/uploads\/2024\/08\/58961722_2144006678997883_1225539226804682752_n-\u2013-kopia.jpg 960w, http:\/\/hubinska.sk\/wp-content\/uploads\/2024\/08\/58961722_2144006678997883_1225539226804682752_n-\u2013-kopia-300x300.jpg 300w, http:\/\/hubinska.sk\/wp-content\/uploads\/2024\/08\/58961722_2144006678997883_1225539226804682752_n-\u2013-kopia-150x150.jpg 150w, http:\/\/hubinska.sk\/wp-content\/uploads\/2024\/08\/58961722_2144006678997883_1225539226804682752_n-\u2013-kopia-768x768.jpg 768w\" sizes=\"auto, (max-width: 960px) 100vw, 960px\" \/><\/figure>\n\n\n\n<div style=\"height:var(--wp--preset--spacing--50)\" aria-hidden=\"true\" class=\"wp-block-spacer\"><\/div>\n\n\n\n<figure class=\"wp-block-image size-full is-style-rounded is-style-rounded--2\"><img loading=\"lazy\" decoding=\"async\" width=\"960\" height=\"621\" src=\"http:\/\/hubinska.sk\/wp-content\/uploads\/2024\/08\/1544977_10152526778709153_4627357824033748228_n.jpg\" alt=\"\" class=\"wp-image-53\" style=\"aspect-ratio:3\/4;object-fit:cover\" srcset=\"http:\/\/hubinska.sk\/wp-content\/uploads\/2024\/08\/1544977_10152526778709153_4627357824033748228_n.jpg 960w, http:\/\/hubinska.sk\/wp-content\/uploads\/2024\/08\/1544977_10152526778709153_4627357824033748228_n-300x194.jpg 300w, http:\/\/hubinska.sk\/wp-content\/uploads\/2024\/08\/1544977_10152526778709153_4627357824033748228_n-768x497.jpg 768w\" sizes=\"auto, (max-width: 960px) 100vw, 960px\" \/><\/figure>\n\n\n\n<div style=\"height:var(--wp--preset--spacing--50)\" aria-hidden=\"true\" class=\"wp-block-spacer\"><\/div>\n\n\n\n<figure class=\"wp-block-image size-full is-style-rounded is-style-rounded--3\"><img loading=\"lazy\" decoding=\"async\" width=\"960\" height=\"720\" src=\"http:\/\/hubinska.sk\/wp-content\/uploads\/2024\/08\/63164_417574854974416_696276131_n.jpg\" alt=\"\" class=\"wp-image-47\" style=\"aspect-ratio:3\/4;object-fit:cover\" srcset=\"http:\/\/hubinska.sk\/wp-content\/uploads\/2024\/08\/63164_417574854974416_696276131_n.jpg 960w, http:\/\/hubinska.sk\/wp-content\/uploads\/2024\/08\/63164_417574854974416_696276131_n-300x225.jpg 300w, http:\/\/hubinska.sk\/wp-content\/uploads\/2024\/08\/63164_417574854974416_696276131_n-768x576.jpg 768w\" sizes=\"auto, (max-width: 960px) 100vw, 960px\" \/><\/figure>\n<\/div>\n\n\n\n<div class=\"wp-block-column is-layout-flow wp-container-core-column-is-layout-8a368f38 wp-block-column-is-layout-flow\">\n<div style=\"height:var(--wp--preset--spacing--50)\" aria-hidden=\"true\" class=\"wp-block-spacer\"><\/div>\n\n\n\n<figure class=\"wp-block-image size-full is-style-rounded is-style-rounded--4\"><img loading=\"lazy\" decoding=\"async\" width=\"640\" height=\"960\" src=\"http:\/\/hubinska.sk\/wp-content\/uploads\/2024\/08\/45119632_1890442071021013_8032412442153713664_n.jpg\" alt=\"\" class=\"wp-image-56\" style=\"aspect-ratio:3\/4;object-fit:cover\" srcset=\"http:\/\/hubinska.sk\/wp-content\/uploads\/2024\/08\/45119632_1890442071021013_8032412442153713664_n.jpg 640w, http:\/\/hubinska.sk\/wp-content\/uploads\/2024\/08\/45119632_1890442071021013_8032412442153713664_n-200x300.jpg 200w\" sizes=\"auto, (max-width: 640px) 100vw, 640px\" \/><\/figure>\n\n\n\n<div style=\"height:var(--wp--preset--spacing--50)\" aria-hidden=\"true\" class=\"wp-block-spacer\"><\/div>\n\n\n\n<figure class=\"wp-block-image size-full is-style-rounded is-style-rounded--5\"><img loading=\"lazy\" decoding=\"async\" width=\"960\" height=\"720\" src=\"http:\/\/hubinska.sk\/wp-content\/uploads\/2024\/08\/1453533_861265027241414_8317786280738046758_n.jpg\" alt=\"\" class=\"wp-image-52\" style=\"aspect-ratio:1;object-fit:cover\" srcset=\"http:\/\/hubinska.sk\/wp-content\/uploads\/2024\/08\/1453533_861265027241414_8317786280738046758_n.jpg 960w, http:\/\/hubinska.sk\/wp-content\/uploads\/2024\/08\/1453533_861265027241414_8317786280738046758_n-300x225.jpg 300w, http:\/\/hubinska.sk\/wp-content\/uploads\/2024\/08\/1453533_861265027241414_8317786280738046758_n-768x576.jpg 768w\" sizes=\"auto, (max-width: 960px) 100vw, 960px\" \/><\/figure>\n\n\n\n<div style=\"height:var(--wp--preset--spacing--50)\" aria-hidden=\"true\" class=\"wp-block-spacer\"><\/div>\n\n\n\n<figure class=\"wp-block-image size-full is-style-rounded is-style-rounded--6\"><img loading=\"lazy\" decoding=\"async\" width=\"1709\" height=\"2560\" src=\"http:\/\/hubinska.sk\/wp-content\/uploads\/2024\/08\/MM2-edited-scaled.jpg\" alt=\"\" class=\"wp-image-64\" style=\"aspect-ratio:1;object-fit:cover\" srcset=\"http:\/\/hubinska.sk\/wp-content\/uploads\/2024\/08\/MM2-edited-scaled.jpg 1709w, http:\/\/hubinska.sk\/wp-content\/uploads\/2024\/08\/MM2-edited-200x300.jpg 200w, http:\/\/hubinska.sk\/wp-content\/uploads\/2024\/08\/MM2-edited-683x1024.jpg 683w, http:\/\/hubinska.sk\/wp-content\/uploads\/2024\/08\/MM2-edited-768x1151.jpg 768w, http:\/\/hubinska.sk\/wp-content\/uploads\/2024\/08\/MM2-edited-1025x1536.jpg 1025w, http:\/\/hubinska.sk\/wp-content\/uploads\/2024\/08\/MM2-edited-1367x2048.jpg 1367w\" sizes=\"auto, (max-width: 1709px) 100vw, 1709px\" \/><\/figure>\n<\/div>\n\n\n\n<div class=\"wp-block-column is-layout-flow wp-container-core-column-is-layout-8a368f38 wp-block-column-is-layout-flow\">\n<figure class=\"wp-block-image size-large is-style-rounded is-style-rounded--7\"><img loading=\"lazy\" decoding=\"async\" width=\"1024\" height=\"1018\" src=\"http:\/\/hubinska.sk\/wp-content\/uploads\/2024\/08\/20200913_021521-1024x1018.jpg\" alt=\"\" class=\"wp-image-55\" style=\"aspect-ratio:3\/4;object-fit:cover\" srcset=\"http:\/\/hubinska.sk\/wp-content\/uploads\/2024\/08\/20200913_021521-1024x1018.jpg 1024w, http:\/\/hubinska.sk\/wp-content\/uploads\/2024\/08\/20200913_021521-300x298.jpg 300w, http:\/\/hubinska.sk\/wp-content\/uploads\/2024\/08\/20200913_021521-150x150.jpg 150w, http:\/\/hubinska.sk\/wp-content\/uploads\/2024\/08\/20200913_021521-768x764.jpg 768w, http:\/\/hubinska.sk\/wp-content\/uploads\/2024\/08\/20200913_021521.jpg 1080w\" sizes=\"auto, (max-width: 1024px) 100vw, 1024px\" \/><\/figure>\n\n\n\n<div style=\"height:var(--wp--preset--spacing--50)\" aria-hidden=\"true\" class=\"wp-block-spacer\"><\/div>\n\n\n\n<figure class=\"wp-block-image size-full is-style-rounded is-style-rounded--8\"><img loading=\"lazy\" decoding=\"async\" width=\"640\" height=\"960\" src=\"http:\/\/hubinska.sk\/wp-content\/uploads\/2024\/08\/1000294_522772817787952_1060126598_n.jpg\" alt=\"\" class=\"wp-image-51\" style=\"aspect-ratio:3\/4;object-fit:cover\" srcset=\"http:\/\/hubinska.sk\/wp-content\/uploads\/2024\/08\/1000294_522772817787952_1060126598_n.jpg 640w, http:\/\/hubinska.sk\/wp-content\/uploads\/2024\/08\/1000294_522772817787952_1060126598_n-200x300.jpg 200w\" sizes=\"auto, (max-width: 640px) 100vw, 640px\" \/><\/figure>\n\n\n\n<div style=\"height:var(--wp--preset--spacing--50)\" aria-hidden=\"true\" class=\"wp-block-spacer\"><\/div>\n\n\n\n<figure class=\"wp-block-image size-large is-resized is-style-rounded is-style-rounded--9\"><img loading=\"lazy\" decoding=\"async\" width=\"2560\" height=\"2558\" src=\"http:\/\/hubinska.sk\/wp-content\/uploads\/2024\/08\/MM-edited-scaled.jpg\" alt=\"\" class=\"wp-image-65\" style=\"aspect-ratio:1.7777777777777777;object-fit:cover;width:293px;height:auto\" srcset=\"http:\/\/hubinska.sk\/wp-content\/uploads\/2024\/08\/MM-edited-scaled.jpg 2560w, http:\/\/hubinska.sk\/wp-content\/uploads\/2024\/08\/MM-edited-300x300.jpg 300w, http:\/\/hubinska.sk\/wp-content\/uploads\/2024\/08\/MM-edited-1024x1024.jpg 1024w, http:\/\/hubinska.sk\/wp-content\/uploads\/2024\/08\/MM-edited-150x150.jpg 150w, http:\/\/hubinska.sk\/wp-content\/uploads\/2024\/08\/MM-edited-768x768.jpg 768w, http:\/\/hubinska.sk\/wp-content\/uploads\/2024\/08\/MM-edited-1536x1536.jpg 1536w\" sizes=\"auto, (max-width: 2560px) 100vw, 2560px\" \/><\/figure>\n<\/div>\n\n\n\n<div class=\"wp-block-column is-layout-flow wp-container-core-column-is-layout-8a368f38 wp-block-column-is-layout-flow\">\n<div style=\"height:var(--wp--preset--spacing--50)\" aria-hidden=\"true\" class=\"wp-block-spacer\"><\/div>\n\n\n\n<figure class=\"wp-block-image size-full is-style-rounded is-style-rounded--10\"><img loading=\"lazy\" decoding=\"async\" width=\"960\" height=\"637\" src=\"http:\/\/hubinska.sk\/wp-content\/uploads\/2024\/08\/10253905_10152608191149153_8025698812301716321_n.jpg\" alt=\"\" class=\"wp-image-54\" style=\"aspect-ratio:1;object-fit:cover\" srcset=\"http:\/\/hubinska.sk\/wp-content\/uploads\/2024\/08\/10253905_10152608191149153_8025698812301716321_n.jpg 960w, http:\/\/hubinska.sk\/wp-content\/uploads\/2024\/08\/10253905_10152608191149153_8025698812301716321_n-300x199.jpg 300w, http:\/\/hubinska.sk\/wp-content\/uploads\/2024\/08\/10253905_10152608191149153_8025698812301716321_n-768x510.jpg 768w\" sizes=\"auto, (max-width: 960px) 100vw, 960px\" \/><\/figure>\n\n\n\n<div style=\"height:var(--wp--preset--spacing--50)\" aria-hidden=\"true\" class=\"wp-block-spacer\"><\/div>\n\n\n\n<figure class=\"wp-block-image size-full is-resized is-style-rounded is-style-rounded--11\"><img loading=\"lazy\" decoding=\"async\" width=\"960\" height=\"720\" src=\"http:\/\/hubinska.sk\/wp-content\/uploads\/2024\/08\/28066_417574878307747_795677883_n.jpg\" alt=\"\" class=\"wp-image-45\" style=\"aspect-ratio:1.7777777777777777;object-fit:cover;width:308px;height:auto\" srcset=\"http:\/\/hubinska.sk\/wp-content\/uploads\/2024\/08\/28066_417574878307747_795677883_n.jpg 960w, http:\/\/hubinska.sk\/wp-content\/uploads\/2024\/08\/28066_417574878307747_795677883_n-300x225.jpg 300w, http:\/\/hubinska.sk\/wp-content\/uploads\/2024\/08\/28066_417574878307747_795677883_n-768x576.jpg 768w\" sizes=\"auto, (max-width: 960px) 100vw, 960px\" \/><\/figure>\n\n\n\n<div style=\"height:var(--wp--preset--spacing--50)\" aria-hidden=\"true\" class=\"wp-block-spacer\"><\/div>\n\n\n\n<figure class=\"wp-block-image size-large is-style-rounded is-style-rounded--12\"><img loading=\"lazy\" decoding=\"async\" width=\"683\" height=\"1024\" src=\"http:\/\/hubinska.sk\/wp-content\/uploads\/2024\/08\/DAD_7131-683x1024.jpg\" alt=\"\" class=\"wp-image-59\" style=\"aspect-ratio:9\/16;object-fit:cover\" srcset=\"http:\/\/hubinska.sk\/wp-content\/uploads\/2024\/08\/DAD_7131-683x1024.jpg 683w, http:\/\/hubinska.sk\/wp-content\/uploads\/2024\/08\/DAD_7131-200x300.jpg 200w, http:\/\/hubinska.sk\/wp-content\/uploads\/2024\/08\/DAD_7131-768x1151.jpg 768w, http:\/\/hubinska.sk\/wp-content\/uploads\/2024\/08\/DAD_7131-1025x1536.jpg 1025w, http:\/\/hubinska.sk\/wp-content\/uploads\/2024\/08\/DAD_7131-1367x2048.jpg 1367w, http:\/\/hubinska.sk\/wp-content\/uploads\/2024\/08\/DAD_7131-scaled.jpg 1709w\" sizes=\"auto, (max-width: 683px) 100vw, 683px\" \/><\/figure>\n<\/div>\n<\/div>\n<\/div>","protected":false},"excerpt":{"rendered":"<p>Ocenenia: 1994 \u00a0\u00a0\u00a0cena LITA za najlep\u0161\u00ed \u017eensk\u00fd hereck\u00fd v\u00fdkon v hlavnej postave v predstaven\u00ed\u00a0\u201eApatia\u201c1988\u00a0\u00a0na divadelnom festivale v Talianskom Arezzo, z\u00edskalo II. cenu predstavenie\u00a0\u201eKom\u00e9dia nov\u00e1 o vdov\u011b \u201e Predstavenia: 2022-24\u00a0Mamma Mia, Divadlo NsR\u00e9\u017eia: Svetoz\u00e1r Spru\u0161ansk\u00fd Postava: Tanya 2021\u00a0\u00a0\u00a0Kremnick\u00e9 Gagy Europsky festival humoru a satiry s predstaven\u00edm \u201eMade in Slovensko\u201c, \/div. La Komika 2017\u00a0\u00a0\u00a0Mamma Mia, Divadlo NsRe\u017eia:Svetoz\u00e1r [&hellip;]<\/p>","protected":false},"author":1,"featured_media":0,"parent":0,"menu_order":0,"comment_status":"closed","ping_status":"closed","template":"","meta":{"footnotes":""},"class_list":["post-24","page","type-page","status-publish","hentry"],"_links":{"self":[{"href":"http:\/\/hubinska.sk\/en\/wp-json\/wp\/v2\/pages\/24","targetHints":{"allow":["GET"]}}],"collection":[{"href":"http:\/\/hubinska.sk\/en\/wp-json\/wp\/v2\/pages"}],"about":[{"href":"http:\/\/hubinska.sk\/en\/wp-json\/wp\/v2\/types\/page"}],"author":[{"embeddable":true,"href":"http:\/\/hubinska.sk\/en\/wp-json\/wp\/v2\/users\/1"}],"replies":[{"embeddable":true,"href":"http:\/\/hubinska.sk\/en\/wp-json\/wp\/v2\/comments?post=24"}],"version-history":[{"count":8,"href":"http:\/\/hubinska.sk\/en\/wp-json\/wp\/v2\/pages\/24\/revisions"}],"predecessor-version":[{"id":621,"href":"http:\/\/hubinska.sk\/en\/wp-json\/wp\/v2\/pages\/24\/revisions\/621"}],"wp:attachment":[{"href":"http:\/\/hubinska.sk\/en\/wp-json\/wp\/v2\/media?parent=24"}],"curies":[{"name":"wp","href":"https:\/\/api.w.org\/{rel}","templated":true}]}}